{"id":1907,"date":"2017-09-16T09:36:27","date_gmt":"2017-09-16T09:36:27","guid":{"rendered":"http:\/\/themes.dhrubok.website\/appai\/blog-two-column-copy\/"},"modified":"2020-03-31T12:51:24","modified_gmt":"2020-03-31T10:51:24","slug":"blog","status":"publish","type":"page","link":"https:\/\/app.fh-wedel.de\/en\/blog\/","title":{"rendered":"Blog"},"content":{"rendered":"<section class=\"kc-elm kc-css-92940 kc_row\"><div class=\"kc-row-container  kc-container\"><div class=\"kc-wrap-columns\"><div class=\"kc-elm kc-css-130235 kc_col-sm-12 kc_column kc_col-sm-12\"><div class=\"kc-col-container\">\r\n<div class=\"kc-elm kc-css-216881\">\r\n\t<div class=\"section-heading text-center\">\r\n\t    <h2>Blog<\/h2>\r\n\t    <p><\/p>\r\n\t<\/div>\r\n<\/div>\r\n\r\n<div class=\"kc-elm kc-css-330209 white-blogs\">\r\n\t<ul>\t\t\r\n\t\t<li class=\"three_col\">\r\n\t\t        <article class=\"blog-post appai-shortcode\">\r\n\r\n\t\t            \t\t        \t\t\r\n\t\t\t\t            <div class=\"post-thumbnail\">\r\n\t\t\t\t\t            <a href=\"https:\/\/app.fh-wedel.de\/en\/update-2-1-0\/\">\r\n\t\t\t\t                    <img width=\"480\" height=\"270\" src=\"https:\/\/app.fh-wedel.de\/wp-content\/uploads\/2018\/09\/blog-updates-header.jpg\" class=\"attachment- size- wp-post-image\" alt=\"\" loading=\"lazy\" srcset=\"https:\/\/app.fh-wedel.de\/wp-content\/uploads\/2018\/09\/blog-updates-header.jpg 480w, https:\/\/app.fh-wedel.de\/wp-content\/uploads\/2018\/09\/blog-updates-header-300x169.jpg 300w\" sizes=\"(max-width: 480px) 100vw, 480px\" \/>\t\t\t\t                <\/a>\r\n\t\t\t\t            <\/div>\r\n\r\n\t\t                \t\t        \t\r\n\t\t            <div class=\"post-content\">\r\n\t\t                <div class=\"post-content-inner\">\r\n\r\n\t\t                \t\r\n\t\t                \t\r\n\t\t\t                    <h3 class=\"post-title\">\t\t\t                    \t<a href=\"https:\/\/app.fh-wedel.de\/en\/update-2-1-0\/\">\r\n\t\t\t                    \t\tNeu: Update f\u00fcr beide Apps!\t\t                    \t\t<\/a>\r\n\t\t\t                    <\/h3>\r\n\t\t                   \t\r\n\t\t                \t\r\n\t\t\t                    <p>\r\n\t\t\t                    \tP\u00fcnktlich zum neuen Semester haben beide Apps (iOS und Android) ein gro\u00dfes Update erhalten!\t\t\t                    <\/p>\r\n\r\n\t\t                   \t\r\n\t\t                <\/div>\r\n\r\n\t\t               \t\r\n\t\t\t                <div class=\"read-more-wrapper\">\r\n\t\t\t                    <a href=\"https:\/\/app.fh-wedel.de\/en\/update-2-1-0\/\" class=\"read-more-btn\">\r\n\t\t\t                    \tWeiterlesen <i class=\"icofont icofont-long-arrow-right\"><\/i>\r\n\t\t\t                    <\/a>\r\n\t\t\t                <\/div>\r\n\r\n\t\t                \r\n\t\t            <\/div>\r\n\t\t        <\/article>\r\n\t\t<\/li>\r\n\r\n\r\n\t\t\t\r\n\t\t<li class=\"three_col\">\r\n\t\t        <article class=\"blog-post appai-shortcode\">\r\n\r\n\t\t            \t\t        \t\t\r\n\t\t\t\t            <div class=\"post-thumbnail\">\r\n\t\t\t\t\t            <a href=\"https:\/\/app.fh-wedel.de\/en\/trello-board-bugfixes\/\">\r\n\t\t\t\t                    <img width=\"480\" height=\"270\" src=\"https:\/\/app.fh-wedel.de\/wp-content\/uploads\/2018\/09\/blog-bugs-header.jpg\" class=\"attachment- size- wp-post-image\" alt=\"\" loading=\"lazy\" srcset=\"https:\/\/app.fh-wedel.de\/wp-content\/uploads\/2018\/09\/blog-bugs-header.jpg 480w, https:\/\/app.fh-wedel.de\/wp-content\/uploads\/2018\/09\/blog-bugs-header-300x169.jpg 300w\" sizes=\"(max-width: 480px) 100vw, 480px\" \/>\t\t\t\t                <\/a>\r\n\t\t\t\t            <\/div>\r\n\r\n\t\t                \t\t        \t\r\n\t\t            <div class=\"post-content\">\r\n\t\t                <div class=\"post-content-inner\">\r\n\r\n\t\t                \t\r\n\t\t                \t\r\n\t\t\t                    <h3 class=\"post-title\">\t\t\t                    \t<a href=\"https:\/\/app.fh-wedel.de\/en\/trello-board-bugfixes\/\">\r\n\t\t\t                    \t\tNeues \u00f6ffentliches Trello-Board f\u00fcr Bugfixes!\t\t                    \t\t<\/a>\r\n\t\t\t                    <\/h3>\r\n\t\t                   \t\r\n\t\t                \t\r\n\t\t\t                    <p>\r\n\t\t\t                    \tGute Neuigkeiten f\u00fcr euch (und f\u00fcr uns!) Wir haben f\u00fcr euch ein Trello-Board er\u00f6ffnet, in dem ihr unbekannte Fehler, die... \t\t\t                    <\/p>\r\n\r\n\t\t                   \t\r\n\t\t                <\/div>\r\n\r\n\t\t               \t\r\n\t\t\t                <div class=\"read-more-wrapper\">\r\n\t\t\t                    <a href=\"https:\/\/app.fh-wedel.de\/en\/trello-board-bugfixes\/\" class=\"read-more-btn\">\r\n\t\t\t                    \tWeiterlesen <i class=\"icofont icofont-long-arrow-right\"><\/i>\r\n\t\t\t                    <\/a>\r\n\t\t\t                <\/div>\r\n\r\n\t\t                \r\n\t\t            <\/div>\r\n\t\t        <\/article>\r\n\t\t<\/li>\r\n\r\n\r\n\t\t\t\r\n\t\t<li class=\"three_col\">\r\n\t\t        <article class=\"blog-post appai-shortcode\">\r\n\r\n\t\t            \t\t        \t\t\r\n\t\t\t\t            <div class=\"post-thumbnail\">\r\n\t\t\t\t\t            <a href=\"https:\/\/app.fh-wedel.de\/en\/frohes-neues-jahr\/\">\r\n\t\t\t\t                    <img width=\"480\" height=\"270\" src=\"https:\/\/app.fh-wedel.de\/wp-content\/uploads\/2019\/01\/happy-new-year.jpg\" class=\"attachment- size- wp-post-image\" alt=\"\" loading=\"lazy\" srcset=\"https:\/\/app.fh-wedel.de\/wp-content\/uploads\/2019\/01\/happy-new-year.jpg 480w, https:\/\/app.fh-wedel.de\/wp-content\/uploads\/2019\/01\/happy-new-year-300x169.jpg 300w\" sizes=\"(max-width: 480px) 100vw, 480px\" \/>\t\t\t\t                <\/a>\r\n\t\t\t\t            <\/div>\r\n\r\n\t\t                \t\t        \t\r\n\t\t            <div class=\"post-content\">\r\n\t\t                <div class=\"post-content-inner\">\r\n\r\n\t\t                \t\r\n\t\t                \t\r\n\t\t\t                    <h3 class=\"post-title\">\t\t\t                    \t<a href=\"https:\/\/app.fh-wedel.de\/en\/frohes-neues-jahr\/\">\r\n\t\t\t                    \t\tFrohes Neues Jahr!\t\t                    \t\t<\/a>\r\n\t\t\t                    <\/h3>\r\n\t\t                   \t\r\n\t\t                \t\r\n\t\t\t                    <p>\r\n\t\t\t                    \tDas FH Wedel App Team w\u00fcnscht euch ein frohes neues Jahr 2019! Wir sind sehr gespannt, wie ihr die Features... \t\t\t                    <\/p>\r\n\r\n\t\t                   \t\r\n\t\t                <\/div>\r\n\r\n\t\t               \t\r\n\t\t\t                <div class=\"read-more-wrapper\">\r\n\t\t\t                    <a href=\"https:\/\/app.fh-wedel.de\/en\/frohes-neues-jahr\/\" class=\"read-more-btn\">\r\n\t\t\t                    \tWeiterlesen <i class=\"icofont icofont-long-arrow-right\"><\/i>\r\n\t\t\t                    <\/a>\r\n\t\t\t                <\/div>\r\n\r\n\t\t                \r\n\t\t            <\/div>\r\n\t\t        <\/article>\r\n\t\t<\/li>\r\n\r\n\r\n\t\t\t\r\n\t\t<li class=\"three_col\">\r\n\t\t        <article class=\"blog-post appai-shortcode\">\r\n\r\n\t\t            \t\t        \t\t\r\n\t\t\t\t            <div class=\"post-thumbnail\">\r\n\t\t\t\t\t            <a href=\"https:\/\/app.fh-wedel.de\/en\/wir-suchen-unterstuetzung\/\">\r\n\t\t\t\t                    <img width=\"480\" height=\"270\" src=\"https:\/\/app.fh-wedel.de\/wp-content\/uploads\/2018\/11\/blog-support-header.jpg\" class=\"attachment- size- wp-post-image\" alt=\"\" loading=\"lazy\" srcset=\"https:\/\/app.fh-wedel.de\/wp-content\/uploads\/2018\/11\/blog-support-header.jpg 480w, https:\/\/app.fh-wedel.de\/wp-content\/uploads\/2018\/11\/blog-support-header-300x169.jpg 300w\" sizes=\"(max-width: 480px) 100vw, 480px\" \/>\t\t\t\t                <\/a>\r\n\t\t\t\t            <\/div>\r\n\r\n\t\t                \t\t        \t\r\n\t\t            <div class=\"post-content\">\r\n\t\t                <div class=\"post-content-inner\">\r\n\r\n\t\t                \t\r\n\t\t                \t\r\n\t\t\t                    <h3 class=\"post-title\">\t\t\t                    \t<a href=\"https:\/\/app.fh-wedel.de\/en\/wir-suchen-unterstuetzung\/\">\r\n\t\t\t                    \t\tWir suchen Unterst\u00fctzung!\t\t                    \t\t<\/a>\r\n\t\t\t                    <\/h3>\r\n\t\t                   \t\r\n\t\t                \t\r\n\t\t\t                    <p>\r\n\t\t\t                    \tDie FHW Campus App sucht gerade nach Personen, die gerne im Team mitwirken wollen. Falls ihr jemand kennt (oder auch... \t\t\t                    <\/p>\r\n\r\n\t\t                   \t\r\n\t\t                <\/div>\r\n\r\n\t\t               \t\r\n\t\t\t                <div class=\"read-more-wrapper\">\r\n\t\t\t                    <a href=\"https:\/\/app.fh-wedel.de\/en\/wir-suchen-unterstuetzung\/\" class=\"read-more-btn\">\r\n\t\t\t                    \tWeiterlesen <i class=\"icofont icofont-long-arrow-right\"><\/i>\r\n\t\t\t                    <\/a>\r\n\t\t\t                <\/div>\r\n\r\n\t\t                \r\n\t\t            <\/div>\r\n\t\t        <\/article>\r\n\t\t<\/li>\r\n\r\n\r\n\t\t\t\r\n\t\t<li class=\"three_col\">\r\n\t\t        <article class=\"blog-post appai-shortcode\">\r\n\r\n\t\t            \t\t        \t\t\r\n\t\t\t\t            <div class=\"post-thumbnail\">\r\n\t\t\t\t\t            <a href=\"https:\/\/app.fh-wedel.de\/en\/iosbetalink\/\">\r\n\t\t\t\t                    <img width=\"480\" height=\"270\" src=\"https:\/\/app.fh-wedel.de\/wp-content\/uploads\/2018\/11\/blog-beta-header.jpg\" class=\"attachment- size- wp-post-image\" alt=\"\" loading=\"lazy\" srcset=\"https:\/\/app.fh-wedel.de\/wp-content\/uploads\/2018\/11\/blog-beta-header.jpg 480w, https:\/\/app.fh-wedel.de\/wp-content\/uploads\/2018\/11\/blog-beta-header-300x169.jpg 300w\" sizes=\"(max-width: 480px) 100vw, 480px\" \/>\t\t\t\t                <\/a>\r\n\t\t\t\t            <\/div>\r\n\r\n\t\t                \t\t        \t\r\n\t\t            <div class=\"post-content\">\r\n\t\t                <div class=\"post-content-inner\">\r\n\r\n\t\t                \t\r\n\t\t                \t\r\n\t\t\t                    <h3 class=\"post-title\">\t\t\t                    \t<a href=\"https:\/\/app.fh-wedel.de\/en\/iosbetalink\/\">\r\n\t\t\t                    \t\tNeuer Link zum Testen der FHW Campus Beta App Version f\u00fcr iOS\t\t                    \t\t<\/a>\r\n\t\t\t                    <\/h3>\r\n\t\t                   \t\r\n\t\t                \t\r\n\t\t\t                    <p>\r\n\t\t\t                    \tHallo liebe FH Wedel Studenten und Mitarbeiter! Im Namen des FHW Campus App Teams will ich euch dazu einladen, am... \t\t\t                    <\/p>\r\n\r\n\t\t                   \t\r\n\t\t                <\/div>\r\n\r\n\t\t               \t\r\n\t\t\t                <div class=\"read-more-wrapper\">\r\n\t\t\t                    <a href=\"https:\/\/app.fh-wedel.de\/en\/iosbetalink\/\" class=\"read-more-btn\">\r\n\t\t\t                    \tWeiterlesen <i class=\"icofont icofont-long-arrow-right\"><\/i>\r\n\t\t\t                    <\/a>\r\n\t\t\t                <\/div>\r\n\r\n\t\t                \r\n\t\t            <\/div>\r\n\t\t        <\/article>\r\n\t\t<\/li>\r\n\r\n\r\n\t\t\t\r\n\t\t<li class=\"three_col\">\r\n\t\t        <article class=\"blog-post appai-shortcode\">\r\n\r\n\t\t            \t\t        \t\t\r\n\t\t\t\t            <div class=\"post-thumbnail\">\r\n\t\t\t\t\t            <a href=\"https:\/\/app.fh-wedel.de\/en\/neues-update-fuer-fhw-campus-app\/\">\r\n\t\t\t\t                    <img width=\"480\" height=\"270\" src=\"https:\/\/app.fh-wedel.de\/wp-content\/uploads\/2018\/09\/blog-updates-header.jpg\" class=\"attachment- size- wp-post-image\" alt=\"\" loading=\"lazy\" srcset=\"https:\/\/app.fh-wedel.de\/wp-content\/uploads\/2018\/09\/blog-updates-header.jpg 480w, https:\/\/app.fh-wedel.de\/wp-content\/uploads\/2018\/09\/blog-updates-header-300x169.jpg 300w\" sizes=\"(max-width: 480px) 100vw, 480px\" \/>\t\t\t\t                <\/a>\r\n\t\t\t\t            <\/div>\r\n\r\n\t\t                \t\t        \t\r\n\t\t            <div class=\"post-content\">\r\n\t\t                <div class=\"post-content-inner\">\r\n\r\n\t\t                \t\r\n\t\t                \t\r\n\t\t\t                    <h3 class=\"post-title\">\t\t\t                    \t<a href=\"https:\/\/app.fh-wedel.de\/en\/neues-update-fuer-fhw-campus-app\/\">\r\n\t\t\t                    \t\tNeues Update f\u00fcr FHW Campus App\t\t                    \t\t<\/a>\r\n\t\t\t                    <\/h3>\r\n\t\t                   \t\r\n\t\t                \t\r\n\t\t\t                    <p>\r\n\t\t\t                    \tApp Team legt Grundstein f\u00fcr \u00dcberarbeitung der App und sucht Entwickler. Seit zwei Jahren arbeiten Studierende der Fachhochschule Wedel an... \t\t\t                    <\/p>\r\n\r\n\t\t                   \t\r\n\t\t                <\/div>\r\n\r\n\t\t               \t\r\n\t\t\t                <div class=\"read-more-wrapper\">\r\n\t\t\t                    <a href=\"https:\/\/app.fh-wedel.de\/en\/neues-update-fuer-fhw-campus-app\/\" class=\"read-more-btn\">\r\n\t\t\t                    \tWeiterlesen <i class=\"icofont icofont-long-arrow-right\"><\/i>\r\n\t\t\t                    <\/a>\r\n\t\t\t                <\/div>\r\n\r\n\t\t                \r\n\t\t            <\/div>\r\n\t\t        <\/article>\r\n\t\t<\/li>\r\n\r\n\r\n\t\t\t\r\n\t\t<li class=\"three_col\">\r\n\t\t        <article class=\"blog-post appai-shortcode\">\r\n\r\n\t\t            \t\t        \t\t\r\n\t\t\t\t            <div class=\"post-thumbnail\">\r\n\t\t\t\t\t            <a href=\"https:\/\/app.fh-wedel.de\/en\/fbgruppe\/\">\r\n\t\t\t\t                    <img width=\"480\" height=\"270\" src=\"https:\/\/app.fh-wedel.de\/wp-content\/uploads\/2018\/11\/blog-support-header.jpg\" class=\"attachment- size- wp-post-image\" alt=\"\" loading=\"lazy\" srcset=\"https:\/\/app.fh-wedel.de\/wp-content\/uploads\/2018\/11\/blog-support-header.jpg 480w, https:\/\/app.fh-wedel.de\/wp-content\/uploads\/2018\/11\/blog-support-header-300x169.jpg 300w\" sizes=\"(max-width: 480px) 100vw, 480px\" \/>\t\t\t\t                <\/a>\r\n\t\t\t\t            <\/div>\r\n\r\n\t\t                \t\t        \t\r\n\t\t            <div class=\"post-content\">\r\n\t\t                <div class=\"post-content-inner\">\r\n\r\n\t\t                \t\r\n\t\t                \t\r\n\t\t\t                    <h3 class=\"post-title\">\t\t\t                    \t<a href=\"https:\/\/app.fh-wedel.de\/en\/fbgruppe\/\">\r\n\t\t\t                    \t\tNeue Facebook Gruppe f\u00fcr die App\t\t                    \t\t<\/a>\r\n\t\t\t                    <\/h3>\r\n\t\t                   \t\r\n\t\t                \t\r\n\t\t\t                    <p>\r\n\t\t\t                    \tDas Team der FHW Campus App ist ab jetzt nun auch bei Facebook erreichbar. Wenn ihr die mehr Infos \u00fcber... \t\t\t                    <\/p>\r\n\r\n\t\t                   \t\r\n\t\t                <\/div>\r\n\r\n\t\t               \t\r\n\t\t\t                <div class=\"read-more-wrapper\">\r\n\t\t\t                    <a href=\"https:\/\/app.fh-wedel.de\/en\/fbgruppe\/\" class=\"read-more-btn\">\r\n\t\t\t                    \tWeiterlesen <i class=\"icofont icofont-long-arrow-right\"><\/i>\r\n\t\t\t                    <\/a>\r\n\t\t\t                <\/div>\r\n\r\n\t\t                \r\n\t\t            <\/div>\r\n\t\t        <\/article>\r\n\t\t<\/li>\r\n\r\n\r\n\t\t\t\r\n\t\t<li class=\"three_col\">\r\n\t\t        <article class=\"blog-post appai-shortcode\">\r\n\r\n\t\t            \t\t        \t\t\r\n\t\t\t\t            <div class=\"post-thumbnail\">\r\n\t\t\t\t\t            <a href=\"https:\/\/app.fh-wedel.de\/en\/entwicklung\/\">\r\n\t\t\t\t                    <img width=\"480\" height=\"270\" src=\"https:\/\/app.fh-wedel.de\/wp-content\/uploads\/2018\/10\/fh-app-team.jpg\" class=\"attachment- size- wp-post-image\" alt=\"\" loading=\"lazy\" srcset=\"https:\/\/app.fh-wedel.de\/wp-content\/uploads\/2018\/10\/fh-app-team.jpg 480w, https:\/\/app.fh-wedel.de\/wp-content\/uploads\/2018\/10\/fh-app-team-300x169.jpg 300w\" sizes=\"(max-width: 480px) 100vw, 480px\" \/>\t\t\t\t                <\/a>\r\n\t\t\t\t            <\/div>\r\n\r\n\t\t                \t\t        \t\r\n\t\t            <div class=\"post-content\">\r\n\t\t                <div class=\"post-content-inner\">\r\n\r\n\t\t                \t\r\n\t\t                \t\r\n\t\t\t                    <h3 class=\"post-title\">\t\t\t                    \t<a href=\"https:\/\/app.fh-wedel.de\/en\/entwicklung\/\">\r\n\t\t\t                    \t\tStudenten entwickeln FHW App\t\t                    \t\t<\/a>\r\n\t\t\t                    <\/h3>\r\n\t\t                   \t\r\n\t\t                \t\r\n\t\t\t                    <p>\r\n\t\t\t                    \tDie FHW App ist nun f\u00fcr IOS und Android Ger\u00e4te verf\u00fcgbar. Studierende der Fachhochschule Wedel haben sich vor einigen Monaten... \t\t\t                    <\/p>\r\n\r\n\t\t                   \t\r\n\t\t                <\/div>\r\n\r\n\t\t               \t\r\n\t\t\t                <div class=\"read-more-wrapper\">\r\n\t\t\t                    <a href=\"https:\/\/app.fh-wedel.de\/en\/entwicklung\/\" class=\"read-more-btn\">\r\n\t\t\t                    \tWeiterlesen <i class=\"icofont icofont-long-arrow-right\"><\/i>\r\n\t\t\t                    <\/a>\r\n\t\t\t                <\/div>\r\n\r\n\t\t                \r\n\t\t            <\/div>\r\n\t\t        <\/article>\r\n\t\t<\/li>\r\n\r\n\r\n\t\t\t\r\n\t\t<li class=\"three_col\">\r\n\t\t        <article class=\"blog-post appai-shortcode\">\r\n\r\n\t\t            \t\t        \t\t\r\n\t\t\t\t            <div class=\"post-thumbnail\">\r\n\t\t\t\t\t            <a href=\"https:\/\/app.fh-wedel.de\/en\/erweiterung\/\">\r\n\t\t\t\t                    <img width=\"480\" height=\"270\" src=\"https:\/\/app.fh-wedel.de\/wp-content\/uploads\/2018\/09\/blog-updates-header.jpg\" class=\"attachment- size- wp-post-image\" alt=\"\" loading=\"lazy\" srcset=\"https:\/\/app.fh-wedel.de\/wp-content\/uploads\/2018\/09\/blog-updates-header.jpg 480w, https:\/\/app.fh-wedel.de\/wp-content\/uploads\/2018\/09\/blog-updates-header-300x169.jpg 300w\" sizes=\"(max-width: 480px) 100vw, 480px\" \/>\t\t\t\t                <\/a>\r\n\t\t\t\t            <\/div>\r\n\r\n\t\t                \t\t        \t\r\n\t\t            <div class=\"post-content\">\r\n\t\t                <div class=\"post-content-inner\">\r\n\r\n\t\t                \t\r\n\t\t                \t\r\n\t\t\t                    <h3 class=\"post-title\">\t\t\t                    \t<a href=\"https:\/\/app.fh-wedel.de\/en\/erweiterung\/\">\r\n\t\t\t                    \t\tStudenten erweitern FHW App\t\t                    \t\t<\/a>\r\n\t\t\t                    <\/h3>\r\n\t\t                   \t\r\n\t\t                \t\r\n\t\t\t                    <p>\r\n\t\t\t                    \tUpdate f\u00fcr FHW App nun f\u00fcr IOS und Android verf\u00fcgbar. Mit dem Update 2.0 wurden neben der Umbenennung in FHW... \t\t\t                    <\/p>\r\n\r\n\t\t                   \t\r\n\t\t                <\/div>\r\n\r\n\t\t               \t\r\n\t\t\t                <div class=\"read-more-wrapper\">\r\n\t\t\t                    <a href=\"https:\/\/app.fh-wedel.de\/en\/erweiterung\/\" class=\"read-more-btn\">\r\n\t\t\t                    \tWeiterlesen <i class=\"icofont icofont-long-arrow-right\"><\/i>\r\n\t\t\t                    <\/a>\r\n\t\t\t                <\/div>\r\n\r\n\t\t                \r\n\t\t            <\/div>\r\n\t\t        <\/article>\r\n\t\t<\/li>\r\n\r\n\r\n\t<\/ul>\r\n<\/div><\/div><\/div><\/div><\/div><\/section>","protected":false},"excerpt":{"rendered":"","protected":false},"author":5,"featured_media":0,"parent":0,"menu_order":0,"comment_status":"closed","ping_status":"closed","template":"template-pagebuilder.php","meta":[],"_links":{"self":[{"href":"https:\/\/app.fh-wedel.de\/en\/wp-json\/wp\/v2\/pages\/1907"}],"collection":[{"href":"https:\/\/app.fh-wedel.de\/en\/wp-json\/wp\/v2\/pages"}],"about":[{"href":"https:\/\/app.fh-wedel.de\/en\/wp-json\/wp\/v2\/types\/page"}],"author":[{"embeddable":true,"href":"https:\/\/app.fh-wedel.de\/en\/wp-json\/wp\/v2\/users\/5"}],"replies":[{"embeddable":true,"href":"https:\/\/app.fh-wedel.de\/en\/wp-json\/wp\/v2\/comments?post=1907"}],"version-history":[{"count":63,"href":"https:\/\/app.fh-wedel.de\/en\/wp-json\/wp\/v2\/pages\/1907\/revisions"}],"predecessor-version":[{"id":3929,"href":"https:\/\/app.fh-wedel.de\/en\/wp-json\/wp\/v2\/pages\/1907\/revisions\/3929"}],"wp:attachment":[{"href":"https:\/\/app.fh-wedel.de\/en\/wp-json\/wp\/v2\/media?parent=1907"}],"curies":[{"name":"wp","href":"https:\/\/api.w.org\/{rel}","templated":true}]}}