{"id":2432,"date":"2018-10-05T18:54:10","date_gmt":"2018-10-05T16:54:10","guid":{"rendered":"http:\/\/base.app.fh-wedel.de:8080\/?page_id=2432"},"modified":"2021-04-08T18:09:53","modified_gmt":"2021-04-08T16:09:53","slug":"impressum","status":"publish","type":"page","link":"https:\/\/app.fh-wedel.de\/en\/impressum\/","title":{"rendered":"Imprint"},"content":{"rendered":"<section class=\"kc-elm kc-css-154601 kc_row appai_row_parallax\"><div class=\"kc-row-container\"><div class=\"kc-wrap-columns\"><div class=\"kc-elm kc-css-994025 kc_col-sm-12 kc_column kc_col-sm-12\"><div class=\"kc-col-container\">\r\n<div class=\"kc-elm kc-css-968480 kc-title-wrap\">\r\n\r\n\t<h1 class=\"kc_title\">Imprint<\/h1>\r\n<\/div>\r\n<div class=\"kc-elm kc-css-307655 kc_text_block\"><\/p>\n<h3 id=\"toc_1\">Anbieterkennzeichnung<\/h3>\n<h5 id=\"toc_2\">u.A. gem. \u00a7 5 des Telemediengesetzes<\/h5>\n<p>Fachhochschule Wedel<br \/>Feldstra\u00dfe 143<br \/>D-22880 Wedel<\/p>\n<p>Gesch\u00e4ftsf\u00fchrende Gesellschafter und Verantwortliche im Sinne des Pressegesetzes: Prof. Dr. Eike Harms, Prof. Dr. Dirk Harms<\/p>\n<p>Tel.:&nbsp;<a href=\"tel:0049410380480\">+49 (0) 4103 \u2013 8048 \u2013 0<\/a><\/p>\n<p>Fax:&nbsp;<a href=\"tel:00494103804839\">+49 (0) 4103 \u2013 8048 \u2013 39<\/a><\/p>\n<p>E-Mail:&nbsp;<a href=\"mailto:sekretariat@fh-wedel.de\">sekretariat@fh-wedel.de<\/a><\/p>\n<p>Umsatzsteuer-Identifikationsnummer: DE 134 806 019<\/p>\n<p>Eintragung im Handelsregister<\/p>\n<p>Registergericht: Amtsgericht Pinneberg; Registernummer: HRB 1578<\/p>\n<p>Direkter Ansprechpartner: Jaime Taboada Aparicio E-Mail:&nbsp;<a href=\"mailto:jta@fh-wedel.de\">jta@fh-wedel.de<\/a><\/p>\n<hr>\n<p>Zust\u00e4ndige Aufsichtsbeh\u00f6rde<\/p>\n<p>Ministerium f\u00fcr Bildung, Wissenschaft und Kultur des Landes Schleswig-Holstein&nbsp;<a href=\"https:\/\/www.schleswig-holstein.de\/DE\/Landesregierung\/III\/iii_node.html\">(Homepage)<\/a><\/p>\n<p>D\u00fcsternbrooker Weg 104<\/p>\n<p>24105 Kiel<\/p>\n<p>Kontakt Presse und \u00d6ffentlichkeitsarbeit&nbsp;<a href=\"https:\/\/www.fh-wedel.de\/wir\/organisation\/pressestelle\/\">(Website)<\/a><\/p>\n<p>Nachrichten \u00fcber missbr\u00e4uliche Nutzung, die aus dem IP-Bereich fh-wedel.de entsendet werden, senden Sie bitte an&nbsp;<a href=\"mailto:abuse@fh-wedel.de\">abuse@fh-wedel.de<\/a><\/p>\n<hr>\n<h3 id=\"toc_3\">Mitwirkende<\/h3>\n<p>Leitung, Design und Gr\u00fcnder:<br \/>Jaime Taboada Aparicio<\/p>\n<p>iOS-Entwickler und Gr\u00fcnder:<br \/>Felix Maa\u00df<\/p>\n<p>Backend-Entwickler und Gr\u00fcnder:<br \/>Dr. Ulrich Hoffmann<\/p>\n<p>Backend-Entwickler:<br \/>Jan-Philipp Ottm\u00fcller<\/p>\n<p>Ehemalige-Entwickler:<br \/>Sven Maack (Android), Waldemar Husser (Android), Keri Nogarth (iOS), Marian Heinsen (Website), Marian Gajda (Website), Nino Gjoni (Android), Dominique Narbel (Android), Pasquale Schmidt (Android)<\/p>\n<hr>\n<h3 id=\"toc_4\">Ansprechpartner und Zust\u00e4ndige f\u00fcr die FH Wedel App, sowie Administration<\/h3>\n<p>Ansprechpartner f\u00fcr die Darstellung und Representation der FH Wedel App:<br \/>Jaime Taboada Aparicio &#8211;&nbsp;<a href=\"mailto:jta@fh-wedel.de\">jta@fh-wedel.de<\/a><\/p>\n<p>Ansprechpartner f\u00fcr Fehlerberichte und Verbesserungsvorschl\u00e4ge:<br \/>FH Wedel App Team iOS &#8211;&nbsp;<a href=\"mailto:app-support-ios@fh-wedel.de\">app-support-ios@fh-wedel.de<\/a><\/p>\n<p>FH Wedel App Team Android &#8211;&nbsp;<a href=\"mailto:app-support-android@fh-wedel.de\">app-support-android@fh-wedel.de<\/a><\/p>\n<p>Ansprechpartner f\u00fcr App-Entwickler und Maintainer:<br \/>Jaime Taboada Aparicio &#8211;&nbsp;<a href=\"mailto:jta@fh-wedel.de\">jta@fh-wedel.de<\/a><br \/>Ulrich Hoffmann &#8211;&nbsp;<a href=\"mailto:uh@fh-wedel.de\">uh@fh-wedel.de<\/a><br \/>Felix Maa\u00df &#8211;&nbsp;<a href=\"mailto:fma@fh-wedel.de\">fma@fh-wedel.de<\/a><\/p>\n<p>Technische Betreuung sowie Administration:<br \/>Ulrich Hoffmann &#8211;&nbsp;<a href=\"mailto:uh@fh-wedel.de\">uh@fh-wedel.de<\/a><br \/>Felix Maa\u00df &#8211;&nbsp;<a href=\"mailto:fma@fh-wedel.de\">fma@fh-wedel.de<\/a><br \/>Jaime Taboada Aparicio &#8211;&nbsp;<a href=\"mailto:jta@fh-wedel.de\">jta@fh-wedel.de<\/a><br \/>Android Team &#8211;&nbsp;<a href=\"mailto:app-support-android@fh-wedel.de\">app-support-android@fh-wedel.de<\/a><\/p>\n<hr>\n<h3 id=\"toc_5\">Haftungsausschluss<\/h3>\n<p>Trotz sorgf\u00e4ltiger inhaltlicher Kontrolle \u00fcbernehmen wir keine Haftung f\u00fcr die Richtigkeit, Vollst\u00e4ndigkeit und Aktualit\u00e4t unserer Webseiten sowie f\u00fcr die Inhalte externer Links. Von den Inhalten der verlinkten Seiten &#8211; auf deren Gestaltung wir keinen Einfluss haben &#8211; distanzieren wir uns ausdr\u00fccklich. Diese Erkl\u00e4rung gilt f\u00fcr alle auf den Webseiten angebrachten Links und f\u00fcr alle Inhalte der Seiten, zu denen Links oder Banner f\u00fchren.<\/p>\n<hr>\n<h3 id=\"toc_6\">Datenschutz<\/h3>\n<p>Die Datenschutzerkl\u00e4rung entspricht der Datenschutzerkl\u00e4rung der Institution der Fachhochschule Wedel, von welcher viele unserer Daten entspringen.&nbsp;Allerdings greift die App nicht direkt auf die Website der Fachhochschule Wedel zu, weshalb ein&nbsp;Tracking nicht m\u00f6glich&nbsp;sein sollte. Wir weisen dennoch ausdr\u00fccklich darauf hin.<\/p>\n<p>Dar\u00fcber hinaus erfasst das FH Wedel App Team weitere Daten nur zur Verbesserung der App, zum Beispiel in Form von Umfragen direkt aus der App hinaus. Falls Fragen vorhanden sind, bitten wir Sie sich bei folgender Adresse zu melden:&nbsp;<a href=\"mailto:jta@fh-wedel.de\">jta@fh-wedel.de<\/a>.<\/p>\n<p>Eine vollst\u00e4ndige Datenschutzerkl\u00e4rung finden Sie unter folgendem Link:&nbsp;<a href=\"https:\/\/app.fh-wedel.de\/en\/datenschutzerklaerung\/\">Datenschutzerkl\u00e4rung der FH Wedel App<\/a>.<\/p>\n<h4 id=\"toc_7\">Datenschutzerkl\u00e4rung der Fachhochschule Wedel<\/h4>\n<p>Auf dieser Website werden mit Technologien der etracker GmbH (<a href=\"https:\/\/www.etracker.de\/\">etracker GmbH<\/a>) Daten zu Marketing- und Optimierungszwecken gesammelt und gespeichert. Aus diesen Daten werden unter einem Pseudonym Nutzungsprofile erstellt. Hierzu k\u00f6nnen Cookies eingesetzt werden. Bei Cookies handelt es sich um kleine Textdateien, die lokal im Zwischenspeicher des Internetbrowsers des Seitenbesuchers gespeichert werden. Die Cookies erm\u00f6glichen die Wiedererkennung des Internetbrowsers.<\/p>\n<p>Die mit den etracker-Technologien erhobenen Daten werden ohne die gesondert erteilte Zustimmung des Betroffenen nicht dazu benutzt, den Besucher dieser Website pers\u00f6nlich zu identifizieren und nicht mit personenbezogenen Daten \u00fcber den Tr\u00e4ger des Pseudonyms zusammengef\u00fchrt. Der Datenerhebung und -speicherung kann jederzeit mit Wirkung f\u00fcr die Zukunft&nbsp;<a href=\"http:\/\/www.etracker.de\/privacy?et=9J3IBE\">widersprochen<\/a>&nbsp;werden. Eine vollst\u00e4ndige Datenschutzerkl\u00e4rung finden Sie unter folgendem Link:&nbsp;<a href=\"https:\/\/www.fh-wedel.de\/datenschutzrichtlinien\/\">Datenschutzerkl\u00e4rung der Fachhochschule Wedel gGmbH<\/a>.<\/p>\n<p>\n<\/div><\/div><\/div><\/div><\/div><\/section>","protected":false},"excerpt":{"rendered":"","protected":false},"author":5,"featured_media":0,"parent":0,"menu_order":0,"comment_status":"closed","ping_status":"closed","template":"","meta":[],"_links":{"self":[{"href":"https:\/\/app.fh-wedel.de\/en\/wp-json\/wp\/v2\/pages\/2432"}],"collection":[{"href":"https:\/\/app.fh-wedel.de\/en\/wp-json\/wp\/v2\/pages"}],"about":[{"href":"https:\/\/app.fh-wedel.de\/en\/wp-json\/wp\/v2\/types\/page"}],"author":[{"embeddable":true,"href":"https:\/\/app.fh-wedel.de\/en\/wp-json\/wp\/v2\/users\/5"}],"replies":[{"embeddable":true,"href":"https:\/\/app.fh-wedel.de\/en\/wp-json\/wp\/v2\/comments?post=2432"}],"version-history":[{"count":52,"href":"https:\/\/app.fh-wedel.de\/en\/wp-json\/wp\/v2\/pages\/2432\/revisions"}],"predecessor-version":[{"id":4414,"href":"https:\/\/app.fh-wedel.de\/en\/wp-json\/wp\/v2\/pages\/2432\/revisions\/4414"}],"wp:attachment":[{"href":"https:\/\/app.fh-wedel.de\/en\/wp-json\/wp\/v2\/media?parent=2432"}],"curies":[{"name":"wp","href":"https:\/\/api.w.org\/{rel}","templated":true}]}}